{"id":206,"date":"2023-03-14T06:38:58","date_gmt":"2023-03-14T06:38:58","guid":{"rendered":"https:\/\/adrianabertran.com\/?page_id=206"},"modified":"2023-05-22T20:44:36","modified_gmt":"2023-05-22T20:44:36","slug":"ver","status":"publish","type":"page","link":"https:\/\/adrianabertran.com\/ca\/ver\/","title":{"rendered":"Ver &nbsp; <i><small>Videos de poemas<\/small><\/i>"},"content":{"rendered":"<div data-elementor-type=\"wp-page\" data-elementor-id=\"206\" class=\"elementor elementor-206\" data-elementor-settings=\"{&quot;ha_cmc_init_switcher&quot;:&quot;no&quot;}\" data-elementor-post-type=\"page\">\n\t\t\t\t\t\t<section class=\"elementor-section elementor-top-section elementor-element elementor-element-155b58b3 elementor-reverse-tablet elementor-reverse-mobile elementor-section-boxed elementor-section-height-default elementor-section-height-default\" data-id=\"155b58b3\" data-element_type=\"section\" data-e-type=\"section\" data-settings=\"{&quot;background_background&quot;:&quot;classic&quot;,&quot;_ha_eqh_enable&quot;:false}\">\n\t\t\t\t\t\t\t<div class=\"elementor-background-overlay\"><\/div>\n\t\t\t\t\t\t\t<div class=\"elementor-container elementor-column-gap-no\">\n\t\t\t\t\t<div class=\"elementor-column elementor-col-50 elementor-top-column elementor-element elementor-element-5fe46c99\" data-id=\"5fe46c99\" data-element_type=\"column\" data-e-type=\"column\">\n\t\t\t<div class=\"elementor-widget-wrap elementor-element-populated\">\n\t\t\t\t\t\t<div class=\"elementor-element elementor-element-5bb4ab25 elementor-widget elementor-widget-elementskit-heading\" data-id=\"5bb4ab25\" data-element_type=\"widget\" data-e-type=\"widget\" data-widget_type=\"elementskit-heading.default\">\n\t\t\t\t\t<div class=\"ekit-wid-con\" ><div class=\"ekit-heading elementskit-section-title-wraper text_left   ekit_heading_tablet-   ekit_heading_mobile-\"><h1 class=\"ekit-heading--title elementskit-section-title\">Poemas del Blog<\/h1><\/div><\/div>\t\t\t\t<\/div>\n\t\t\t\t\t<\/div>\n\t\t<\/div>\n\t\t\t\t<div class=\"elementor-column elementor-col-50 elementor-top-column elementor-element elementor-element-375edfd3\" data-id=\"375edfd3\" data-element_type=\"column\" data-e-type=\"column\">\n\t\t\t<div class=\"elementor-widget-wrap\">\n\t\t\t\t\t\t\t<\/div>\n\t\t<\/div>\n\t\t\t\t\t<\/div>\n\t\t<\/section>\n\t\t\t\t<section class=\"elementor-section elementor-top-section elementor-element elementor-element-79a23ad6 elementor-section-boxed elementor-section-height-default elementor-section-height-default\" data-id=\"79a23ad6\" data-element_type=\"section\" data-e-type=\"section\" data-settings=\"{&quot;_ha_eqh_enable&quot;:false}\">\n\t\t\t\t\t\t<div class=\"elementor-container elementor-column-gap-default\">\n\t\t\t\t\t<div class=\"elementor-column elementor-col-50 elementor-top-column elementor-element elementor-element-66d00f0\" data-id=\"66d00f0\" data-element_type=\"column\" data-e-type=\"column\">\n\t\t\t<div class=\"elementor-widget-wrap elementor-element-populated\">\n\t\t\t\t\t\t<div class=\"elementor-element elementor-element-6c532afa elementor-widget elementor-widget-image\" data-id=\"6c532afa\" data-element_type=\"widget\" data-e-type=\"widget\" data-widget_type=\"image.default\">\n\t\t\t\t\t\t\t\t\t\t\t\t\t\t\t<img fetchpriority=\"high\" decoding=\"async\" width=\"1174\" height=\"854\" src=\"https:\/\/adrianabertran.com\/wp-content\/uploads\/2023\/03\/Copia-de-Foto-Ramon-Raluy-e1678862175690.jpeg\" class=\"attachment-full size-full wp-image-102\" alt=\"\" srcset=\"https:\/\/adrianabertran.com\/wp-content\/uploads\/2023\/03\/Copia-de-Foto-Ramon-Raluy-e1678862175690.jpeg 1174w, https:\/\/adrianabertran.com\/wp-content\/uploads\/2023\/03\/Copia-de-Foto-Ramon-Raluy-e1678862175690-300x218.jpeg 300w, https:\/\/adrianabertran.com\/wp-content\/uploads\/2023\/03\/Copia-de-Foto-Ramon-Raluy-e1678862175690-1024x745.jpeg 1024w, https:\/\/adrianabertran.com\/wp-content\/uploads\/2023\/03\/Copia-de-Foto-Ramon-Raluy-e1678862175690-768x559.jpeg 768w\" sizes=\"(max-width: 1174px) 100vw, 1174px\" \/>\t\t\t\t\t\t\t\t\t\t\t\t\t\t\t<\/div>\n\t\t\t\t<div class=\"elementor-element elementor-element-4302bda elementor-invisible elementor-widget elementor-widget-heading\" data-id=\"4302bda\" data-element_type=\"widget\" data-e-type=\"widget\" data-settings=\"{&quot;_animation&quot;:&quot;fadeInUp&quot;}\" data-widget_type=\"heading.default\">\n\t\t\t\t\t<h1 class=\"elementor-heading-title elementor-size-default\">adriana bertran an\u00eda<\/h1>\t\t\t\t<\/div>\n\t\t\t\t<div class=\"elementor-element elementor-element-1e1756c2 elementor-widget elementor-widget-heading\" data-id=\"1e1756c2\" data-element_type=\"widget\" data-e-type=\"widget\" data-widget_type=\"heading.default\">\n\t\t\t\t\t<span class=\"elementor-heading-title elementor-size-default\">Sobre mi blog:<\/span>\t\t\t\t<\/div>\n\t\t\t\t<div class=\"elementor-element elementor-element-6537729f elementor-widget elementor-widget-text-editor\" data-id=\"6537729f\" data-element_type=\"widget\" data-e-type=\"widget\" data-widget_type=\"text-editor.default\">\n\t\t\t\t\t\t\t\t\t<p>Mi blog de poes\u00eda es un espacio personal en el que comparto mis emociones, pensamientos e ideas a trav\u00e9s de la escritura. Para m\u00ed, la poes\u00eda es una forma de arte que me permite expresar sentimientos profundos de una manera hermosa y conmovedora. En mi blog, puedo compartir mis creaciones con el mundo, lo que me permite conectar con otros amantes de la poes\u00eda y ampliar mi audiencia.<\/p><p>Al escribir poes\u00eda, es importante para m\u00ed encontrar mi propia voz y estilo \u00fanico. En mi blog, experimento con diferentes formas y t\u00e9cnicas de escritura, desde versos libres hasta sonetos y haikus. Adem\u00e1s, mi blog me da la libertad de explorar diferentes temas y emociones, desde el amor y la felicidad hasta el dolor y la tristeza.<\/p><p>Una ventaja de tener un blog de poes\u00eda es que puedo recibir retroalimentaci\u00f3n y comentarios de mis lectores. Esto me ayuda a mejorar mi escritura y a conectarme con otros poetas y escritores. Adem\u00e1s, al compartir mi trabajo en l\u00ednea, puedo llegar a una audiencia m\u00e1s amplia y tal vez inspirar a otros a comenzar su propio viaje po\u00e9tico.<\/p><p>Mantener mi blog de poes\u00eda puede ser un desaf\u00edo, pero tambi\u00e9n es muy gratificante. Para m\u00ed, es importante publicar con regularidad y mantener mi blog actualizado para mantener el inter\u00e9s de mis lectores. Tambi\u00e9n he explorado diferentes formas de promocionar mi blog, como a trav\u00e9s de las redes sociales y grupos de poes\u00eda en l\u00ednea.<\/p><p>En resumen, mi blog de poes\u00eda es una plataforma para compartir mi pasi\u00f3n por la escritura y la poes\u00eda con el mundo. A trav\u00e9s de mis poemas, puedo expresarme de manera \u00fanica y conectarme con otros amantes de la poes\u00eda. Mantener mi blog de poes\u00eda es una oportunidad para crecer como escritor y conectarme con una comunidad de escritores apasionados.<\/p>\t\t\t\t\t\t\t\t<\/div>\n\t\t\t\t\t<\/div>\n\t\t<\/div>\n\t\t\t\t<div class=\"elementor-column elementor-col-50 elementor-top-column elementor-element elementor-element-1b3b7281\" data-id=\"1b3b7281\" data-element_type=\"column\" data-e-type=\"column\">\n\t\t\t<div class=\"elementor-widget-wrap elementor-element-populated\">\n\t\t\t\t\t\t<div class=\"elementor-element elementor-element-1d50b8ab elementor-widget elementor-widget-heading\" data-id=\"1d50b8ab\" data-element_type=\"widget\" data-e-type=\"widget\" data-widget_type=\"heading.default\">\n\t\t\t\t\t<h2 class=\"elementor-heading-title elementor-size-default\">Post recientes<\/h2>\t\t\t\t<\/div>\n\t\t\t\t<div class=\"elementor-element elementor-element-1c8bac08 elementor-widget elementor-widget-heading\" data-id=\"1c8bac08\" data-element_type=\"widget\" data-e-type=\"widget\" data-widget_type=\"heading.default\">\n\t\t\t\t\t<h3 class=\"elementor-heading-title elementor-size-default\">Tal vez te guste<\/h3>\t\t\t\t<\/div>\n\t\t\t\t<div class=\"elementor-element elementor-element-58a87814 elementor-widget elementor-widget-elementskit-blog-posts\" data-id=\"58a87814\" data-element_type=\"widget\" data-e-type=\"widget\" data-widget_type=\"elementskit-blog-posts.default\">\n\t\t\t\t\t<div class=\"ekit-wid-con\" >        <div id=\"post-items--58a87814\" class=\"row post-items\">\n                <\/div>\n       <\/div>\t\t\t\t<\/div>\n\t\t\t\t\t<\/div>\n\t\t<\/div>\n\t\t\t\t\t<\/div>\n\t\t<\/section>\n\t\t\t\t<section class=\"elementor-section elementor-top-section elementor-element elementor-element-9279d73 elementor-section-boxed elementor-section-height-default elementor-section-height-default\" data-id=\"9279d73\" data-element_type=\"section\" data-e-type=\"section\" data-settings=\"{&quot;_ha_eqh_enable&quot;:false}\">\n\t\t\t\t\t\t<div class=\"elementor-container elementor-column-gap-default\">\n\t\t\t\t\t<div class=\"elementor-column elementor-col-100 elementor-top-column elementor-element elementor-element-a537762\" data-id=\"a537762\" data-element_type=\"column\" data-e-type=\"column\">\n\t\t\t<div class=\"elementor-widget-wrap elementor-element-populated\">\n\t\t\t\t\t\t<div class=\"elementor-element elementor-element-84184ef elementor-widget elementor-widget-template\" data-id=\"84184ef\" data-element_type=\"widget\" data-e-type=\"widget\" data-widget_type=\"template.default\">\n\t\t\t\t<div class=\"elementor-widget-container\">\n\t\t\t\t\t\t\t<div class=\"elementor-template\">\n\t\t\t\t\t<div data-elementor-type=\"section\" data-elementor-id=\"329\" class=\"elementor elementor-329\" data-elementor-settings=\"{&quot;ha_cmc_init_switcher&quot;:&quot;no&quot;}\" data-elementor-post-type=\"elementor_library\">\n\t\t\t\t\t<section class=\"elementor-section elementor-top-section elementor-element elementor-element-e77d0d2 elementor-section-boxed elementor-section-height-default elementor-section-height-default\" data-id=\"e77d0d2\" data-element_type=\"section\" data-e-type=\"section\" data-settings=\"{&quot;background_background&quot;:&quot;classic&quot;,&quot;_ha_eqh_enable&quot;:false}\">\n\t\t\t\t\t\t<div class=\"elementor-container elementor-column-gap-no\">\n\t\t\t\t\t<div class=\"elementor-column elementor-col-100 elementor-top-column elementor-element elementor-element-6fe2833\" data-id=\"6fe2833\" data-element_type=\"column\" data-e-type=\"column\">\n\t\t\t<div class=\"elementor-widget-wrap elementor-element-populated\">\n\t\t\t\t\t\t<section class=\"elementor-section elementor-inner-section elementor-element elementor-element-01ad811 elementor-section-boxed elementor-section-height-default elementor-section-height-default\" data-id=\"01ad811\" data-element_type=\"section\" data-e-type=\"section\" data-settings=\"{&quot;_ha_eqh_enable&quot;:false}\">\n\t\t\t\t\t\t<div class=\"elementor-container elementor-column-gap-no\">\n\t\t\t\t\t<div class=\"elementor-column elementor-col-100 elementor-inner-column elementor-element elementor-element-12e85cf\" data-id=\"12e85cf\" data-element_type=\"column\" data-e-type=\"column\">\n\t\t\t<div class=\"elementor-widget-wrap elementor-element-populated\">\n\t\t\t\t\t\t<div class=\"elementor-element elementor-element-070f2e2 elementor-widget elementor-widget-heading\" data-id=\"070f2e2\" data-element_type=\"widget\" data-e-type=\"widget\" data-widget_type=\"heading.default\">\n\t\t\t\t\t<span class=\"elementor-heading-title elementor-size-default\">Podem retrobar-nos a<\/span>\t\t\t\t<\/div>\n\t\t\t\t<div class=\"elementor-element elementor-element-5eae069 elementor-widget elementor-widget-heading\" data-id=\"5eae069\" data-element_type=\"widget\" data-e-type=\"widget\" data-widget_type=\"heading.default\">\n\t\t\t\t\t<h2 class=\"elementor-heading-title elementor-size-default\">xarxes socials<\/h2>\t\t\t\t<\/div>\n\t\t\t\t\t<\/div>\n\t\t<\/div>\n\t\t\t\t\t<\/div>\n\t\t<\/section>\n\t\t\t\t\t<\/div>\n\t\t<\/div>\n\t\t\t\t\t<\/div>\n\t\t<\/section>\n\t\t\t\t<section class=\"elementor-section elementor-top-section elementor-element elementor-element-4cad4296 elementor-section-boxed elementor-section-height-default elementor-section-height-default\" data-id=\"4cad4296\" data-element_type=\"section\" data-e-type=\"section\" data-settings=\"{&quot;background_background&quot;:&quot;classic&quot;,&quot;_ha_eqh_enable&quot;:false}\">\n\t\t\t\t\t\t\t<div class=\"elementor-background-overlay\"><\/div>\n\t\t\t\t\t\t\t<div class=\"elementor-container elementor-column-gap-default\">\n\t\t\t\t\t<div class=\"elementor-column elementor-col-50 elementor-top-column elementor-element elementor-element-69ac275b\" data-id=\"69ac275b\" data-element_type=\"column\" data-e-type=\"column\">\n\t\t\t<div class=\"elementor-widget-wrap elementor-element-populated\">\n\t\t\t\t\t\t<section class=\"elementor-section elementor-inner-section elementor-element elementor-element-2c731e1b elementor-section-boxed elementor-section-height-default elementor-section-height-default\" data-id=\"2c731e1b\" data-element_type=\"section\" data-e-type=\"section\" data-settings=\"{&quot;_ha_eqh_enable&quot;:false}\">\n\t\t\t\t\t\t<div class=\"elementor-container elementor-column-gap-default\">\n\t\t\t\t\t<div class=\"elementor-column elementor-col-100 elementor-inner-column elementor-element elementor-element-9e1b008\" data-id=\"9e1b008\" data-element_type=\"column\" data-e-type=\"column\">\n\t\t\t<div class=\"elementor-widget-wrap elementor-element-populated\">\n\t\t\t\t\t\t<div class=\"elementor-element elementor-element-47fbba64 elementor-flip-box--effect-zoom-in elementor-widget elementor-widget-flip-box\" data-id=\"47fbba64\" data-element_type=\"widget\" data-e-type=\"widget\" data-widget_type=\"flip-box.default\">\n\t\t\t\t\t\t\t<div class=\"elementor-flip-box\" tabindex=\"0\">\n\t\t\t<div class=\"elementor-flip-box__layer elementor-flip-box__front\">\n\t\t\t\t<div class=\"elementor-flip-box__layer__overlay\">\n\t\t\t\t\t<div class=\"elementor-flip-box__layer__inner\">\n\t\t\t\t\t\t\t\t\t\t\t\t\t<div class=\"elementor-icon-wrapper elementor-view-default\">\n\t\t\t\t\t\t\t\t<div class=\"elementor-icon\">\n\t\t\t\t\t\t\t\t\t<svg aria-hidden=\"true\" class=\"e-font-icon-svg e-fab-instagram\" viewbox=\"0 0 448 512\" xmlns=\"http:\/\/www.w3.org\/2000\/svg\"><path d=\"M224.1 141c-63.6 0-114.9 51.3-114.9 114.9s51.3 114.9 114.9 114.9S339 319.5 339 255.9 287.7 141 224.1 141zm0 189.6c-41.1 0-74.7-33.5-74.7-74.7s33.5-74.7 74.7-74.7 74.7 33.5 74.7 74.7-33.6 74.7-74.7 74.7zm146.4-194.3c0 14.9-12 26.8-26.8 26.8-14.9 0-26.8-12-26.8-26.8s12-26.8 26.8-26.8 26.8 12 26.8 26.8zm76.1 27.2c-1.7-35.9-9.9-67.7-36.2-93.9-26.2-26.2-58-34.4-93.9-36.2-37-2.1-147.9-2.1-184.9 0-35.8 1.7-67.6 9.9-93.9 36.1s-34.4 58-36.2 93.9c-2.1 37-2.1 147.9 0 184.9 1.7 35.9 9.9 67.7 36.2 93.9s58 34.4 93.9 36.2c37 2.1 147.9 2.1 184.9 0 35.9-1.7 67.7-9.9 93.9-36.2 26.2-26.2 34.4-58 36.2-93.9 2.1-37 2.1-147.8 0-184.8zM398.8 388c-7.8 19.6-22.9 34.7-42.6 42.6-29.5 11.7-99.5 9-132.1 9s-102.7 2.6-132.1-9c-19.6-7.8-34.7-22.9-42.6-42.6-11.7-29.5-9-99.5-9-132.1s-2.6-102.7 9-132.1c7.8-19.6 22.9-34.7 42.6-42.6 29.5-11.7 99.5-9 132.1-9s102.7-2.6 132.1 9c19.6 7.8 34.7 22.9 42.6 42.6 11.7 29.5 9 99.5 9 132.1s2.7 102.7-9 132.1z\"><\/path><\/svg>\t\t\t\t\t\t\t\t<\/div>\n\t\t\t\t\t\t\t<\/div>\n\t\t\t\t\t\t\n\t\t\t\t\t\t\t\t\t\t\t\t\t<h3 class=\"elementor-flip-box__layer__title\">\n\t\t\t\t\t\t\t\tinstagram\t\t\t\t\t\t\t<\/h3>\n\t\t\t\t\t\t\n\t\t\t\t\t\t\t\t\t\t\t<\/div>\n\t\t\t\t<\/div>\n\t\t\t<\/div>\n\t\t\t<a class=\"elementor-flip-box__layer elementor-flip-box__back\" href=\"https:\/\/www.instagram.com\/socladriana\/\" target=\"_blank\">\n\t\t\t<div class=\"elementor-flip-box__layer__overlay\">\n\t\t\t\t<div class=\"elementor-flip-box__layer__inner\">\n\t\t\t\t\t\t\t\t\t\t\t<h3 class=\"elementor-flip-box__layer__title\">\n\t\t\t\t\t\t\tinstagram\t\t\t\t\t\t<\/h3>\n\t\t\t\t\t\n\t\t\t\t\t\n\t\t\t\t\t\t\t\t<\/div>\n\t\t<\/div>\n\t\t<\/a>\n\t\t<\/div>\n\t\t\t\t\t\t<\/div>\n\t\t\t\t\t<\/div>\n\t\t<\/div>\n\t\t\t\t\t<\/div>\n\t\t<\/section>\n\t\t\t\t\t<\/div>\n\t\t<\/div>\n\t\t\t\t<div class=\"elementor-column elementor-col-50 elementor-top-column elementor-element elementor-element-6a745ced\" data-id=\"6a745ced\" data-element_type=\"column\" data-e-type=\"column\">\n\t\t\t<div class=\"elementor-widget-wrap elementor-element-populated\">\n\t\t\t\t\t\t<section class=\"elementor-section elementor-inner-section elementor-element elementor-element-4c84beb3 elementor-section-boxed elementor-section-height-default elementor-section-height-default\" data-id=\"4c84beb3\" data-element_type=\"section\" data-e-type=\"section\" data-settings=\"{&quot;_ha_eqh_enable&quot;:false}\">\n\t\t\t\t\t\t<div class=\"elementor-container elementor-column-gap-default\">\n\t\t\t\t\t<div class=\"elementor-column elementor-col-100 elementor-inner-column elementor-element elementor-element-3b7d0843\" data-id=\"3b7d0843\" data-element_type=\"column\" data-e-type=\"column\">\n\t\t\t<div class=\"elementor-widget-wrap elementor-element-populated\">\n\t\t\t\t\t\t<div class=\"elementor-element elementor-element-694f2b75 elementor-flip-box--effect-zoom-in elementor-widget elementor-widget-flip-box\" data-id=\"694f2b75\" data-element_type=\"widget\" data-e-type=\"widget\" data-widget_type=\"flip-box.default\">\n\t\t\t\t\t\t\t<div class=\"elementor-flip-box\" tabindex=\"0\">\n\t\t\t<div class=\"elementor-flip-box__layer elementor-flip-box__front\">\n\t\t\t\t<div class=\"elementor-flip-box__layer__overlay\">\n\t\t\t\t\t<div class=\"elementor-flip-box__layer__inner\">\n\t\t\t\t\t\t\t\t\t\t\t\t\t<div class=\"elementor-icon-wrapper elementor-view-default\">\n\t\t\t\t\t\t\t\t<div class=\"elementor-icon\">\n\t\t\t\t\t\t\t\t\t<svg aria-hidden=\"true\" class=\"e-font-icon-svg e-fab-youtube\" viewbox=\"0 0 576 512\" xmlns=\"http:\/\/www.w3.org\/2000\/svg\"><path d=\"M549.655 124.083c-6.281-23.65-24.787-42.276-48.284-48.597C458.781 64 288 64 288 64S117.22 64 74.629 75.486c-23.497 6.322-42.003 24.947-48.284 48.597-11.412 42.867-11.412 132.305-11.412 132.305s0 89.438 11.412 132.305c6.281 23.65 24.787 41.5 48.284 47.821C117.22 448 288 448 288 448s170.78 0 213.371-11.486c23.497-6.321 42.003-24.171 48.284-47.821 11.412-42.867 11.412-132.305 11.412-132.305s0-89.438-11.412-132.305zm-317.51 213.508V175.185l142.739 81.205-142.739 81.201z\"><\/path><\/svg>\t\t\t\t\t\t\t\t<\/div>\n\t\t\t\t\t\t\t<\/div>\n\t\t\t\t\t\t\n\t\t\t\t\t\t\t\t\t\t\t\t\t<h3 class=\"elementor-flip-box__layer__title\">\n\t\t\t\t\t\t\t\tyoutube\t\t\t\t\t\t\t<\/h3>\n\t\t\t\t\t\t\n\t\t\t\t\t\t\t\t\t\t\t<\/div>\n\t\t\t\t<\/div>\n\t\t\t<\/div>\n\t\t\t<a class=\"elementor-flip-box__layer elementor-flip-box__back\" href=\"https:\/\/www.youtube.com\/@socladriana\" target=\"_blank\">\n\t\t\t<div class=\"elementor-flip-box__layer__overlay\">\n\t\t\t\t<div class=\"elementor-flip-box__layer__inner\">\n\t\t\t\t\t\t\t\t\t\t\t<h3 class=\"elementor-flip-box__layer__title\">\n\t\t\t\t\t\t\tyoutube\t\t\t\t\t\t<\/h3>\n\t\t\t\t\t\n\t\t\t\t\t\n\t\t\t\t\t\t\t\t<\/div>\n\t\t<\/div>\n\t\t<\/a>\n\t\t<\/div>\n\t\t\t\t\t\t<\/div>\n\t\t\t\t\t<\/div>\n\t\t<\/div>\n\t\t\t\t\t<\/div>\n\t\t<\/section>\n\t\t\t\t\t<\/div>\n\t\t<\/div>\n\t\t\t\t\t<\/div>\n\t\t<\/section>\n\t\t\t\t<\/div>\n\t\t\t\t<\/div>\n\t\t\t\t\t\t<\/div>\n\t\t\t\t<\/div>\n\t\t\t\t\t<\/div>\n\t\t<\/div>\n\t\t\t\t\t<\/div>\n\t\t<\/section>\n\t\t\t\t<\/div>","protected":false},"excerpt":{"rendered":"<p>Poemas del Blog adriana bertran an\u00eda Sobre mi blog: Mi blog de poes\u00eda es un espacio personal en el que comparto mis emociones, pensamientos e ideas a trav\u00e9s de la escritura. Para m\u00ed, la poes\u00eda es una forma de arte que me permite expresar sentimientos profundos de una manera hermosa y conmovedora. En mi blog, [&hellip;]<\/p>\n","protected":false},"author":42,"featured_media":0,"parent":0,"menu_order":0,"comment_status":"closed","ping_status":"closed","template":"","meta":{"footnotes":""},"class_list":["post-206","page","type-page","status-publish","hentry"],"yoast_head":"<!-- This site is optimized with the Yoast SEO plugin v27.4 - https:\/\/yoast.com\/product\/yoast-seo-wordpress\/ -->\n<title>Ver &nbsp; Videos de poemas - Adriana Bertran An\u00eda<\/title>\n<meta name=\"robots\" content=\"index, follow, max-snippet:-1, max-image-preview:large, max-video-preview:-1\" \/>\n<link rel=\"canonical\" href=\"https:\/\/adrianabertran.com\/ca\/ver\/\" \/>\n<meta property=\"og:locale\" content=\"ca_ES\" \/>\n<meta property=\"og:type\" content=\"article\" \/>\n<meta property=\"og:title\" content=\"Ver &nbsp; Videos de poemas - Adriana Bertran An\u00eda\" \/>\n<meta property=\"og:description\" content=\"Poemas del Blog adriana bertran an\u00eda Sobre mi blog: Mi blog de poes\u00eda es un espacio personal en el que comparto mis emociones, pensamientos e ideas a trav\u00e9s de la escritura. Para m\u00ed, la poes\u00eda es una forma de arte que me permite expresar sentimientos profundos de una manera hermosa y conmovedora. En mi blog, [&hellip;]\" \/>\n<meta property=\"og:url\" content=\"https:\/\/adrianabertran.com\/ca\/ver\/\" \/>\n<meta property=\"og:site_name\" content=\"Adriana Bertran An\u00eda\" \/>\n<meta property=\"article:modified_time\" content=\"2023-05-22T20:44:36+00:00\" \/>\n<meta property=\"og:image\" content=\"https:\/\/adrianabertran.com\/wp-content\/uploads\/2023\/03\/Copia-de-Foto-Ramon-Raluy-e1678862175690.jpeg\" \/>\n<meta name=\"twitter:card\" content=\"summary_large_image\" \/>\n<meta name=\"twitter:label1\" content=\"Temps estimat de lectura\" \/>\n\t<meta name=\"twitter:data1\" content=\"2 minuts\" \/>\n<script type=\"application\/ld+json\" class=\"yoast-schema-graph\">{\"@context\":\"https:\\\/\\\/schema.org\",\"@graph\":[{\"@type\":\"WebPage\",\"@id\":\"https:\\\/\\\/adrianabertran.com\\\/ver\\\/\",\"url\":\"https:\\\/\\\/adrianabertran.com\\\/ver\\\/\",\"name\":\"Ver &nbsp; Videos de poemas - Adriana Bertran An\u00eda\",\"isPartOf\":{\"@id\":\"https:\\\/\\\/www.adrianabertran.com443\\\/#website\"},\"primaryImageOfPage\":{\"@id\":\"https:\\\/\\\/adrianabertran.com\\\/ver\\\/#primaryimage\"},\"image\":{\"@id\":\"https:\\\/\\\/adrianabertran.com\\\/ver\\\/#primaryimage\"},\"thumbnailUrl\":\"https:\\\/\\\/adrianabertran.com\\\/wp-content\\\/uploads\\\/2023\\\/03\\\/Copia-de-Foto-Ramon-Raluy-e1678862175690.jpeg\",\"datePublished\":\"2023-03-14T06:38:58+00:00\",\"dateModified\":\"2023-05-22T20:44:36+00:00\",\"breadcrumb\":{\"@id\":\"https:\\\/\\\/adrianabertran.com\\\/ver\\\/#breadcrumb\"},\"inLanguage\":\"ca\",\"potentialAction\":[{\"@type\":\"ReadAction\",\"target\":[\"https:\\\/\\\/adrianabertran.com\\\/ver\\\/\"]}]},{\"@type\":\"ImageObject\",\"inLanguage\":\"ca\",\"@id\":\"https:\\\/\\\/adrianabertran.com\\\/ver\\\/#primaryimage\",\"url\":\"https:\\\/\\\/adrianabertran.com\\\/wp-content\\\/uploads\\\/2023\\\/03\\\/Copia-de-Foto-Ramon-Raluy-e1678862175690.jpeg\",\"contentUrl\":\"https:\\\/\\\/adrianabertran.com\\\/wp-content\\\/uploads\\\/2023\\\/03\\\/Copia-de-Foto-Ramon-Raluy-e1678862175690.jpeg\"},{\"@type\":\"BreadcrumbList\",\"@id\":\"https:\\\/\\\/adrianabertran.com\\\/ver\\\/#breadcrumb\",\"itemListElement\":[{\"@type\":\"ListItem\",\"position\":1,\"name\":\"Portada\",\"item\":\"https:\\\/\\\/adrianabertran.com\\\/\"},{\"@type\":\"ListItem\",\"position\":2,\"name\":\"Ver &nbsp; Videos de poemas\"}]},{\"@type\":\"WebSite\",\"@id\":\"https:\\\/\\\/www.adrianabertran.com443\\\/#website\",\"url\":\"https:\\\/\\\/www.adrianabertran.com443\\\/\",\"name\":\"Adriana Bertran An\u00eda\",\"description\":\"Poes\u00eda esc\u00e9nica\",\"potentialAction\":[{\"@type\":\"SearchAction\",\"target\":{\"@type\":\"EntryPoint\",\"urlTemplate\":\"https:\\\/\\\/www.adrianabertran.com443\\\/?s={search_term_string}\"},\"query-input\":{\"@type\":\"PropertyValueSpecification\",\"valueRequired\":true,\"valueName\":\"search_term_string\"}}],\"inLanguage\":\"ca\"}]}<\/script>\n<!-- \/ Yoast SEO plugin. -->","yoast_head_json":{"title":"Ver &nbsp; Videos de poemas - Adriana Bertran An\u00eda","robots":{"index":"index","follow":"follow","max-snippet":"max-snippet:-1","max-image-preview":"max-image-preview:large","max-video-preview":"max-video-preview:-1"},"canonical":"https:\/\/adrianabertran.com\/ca\/ver\/","og_locale":"ca_ES","og_type":"article","og_title":"Ver &nbsp; Videos de poemas - Adriana Bertran An\u00eda","og_description":"Poemas del Blog adriana bertran an\u00eda Sobre mi blog: Mi blog de poes\u00eda es un espacio personal en el que comparto mis emociones, pensamientos e ideas a trav\u00e9s de la escritura. Para m\u00ed, la poes\u00eda es una forma de arte que me permite expresar sentimientos profundos de una manera hermosa y conmovedora. En mi blog, [&hellip;]","og_url":"https:\/\/adrianabertran.com\/ca\/ver\/","og_site_name":"Adriana Bertran An\u00eda","article_modified_time":"2023-05-22T20:44:36+00:00","og_image":[{"url":"https:\/\/adrianabertran.com\/wp-content\/uploads\/2023\/03\/Copia-de-Foto-Ramon-Raluy-e1678862175690.jpeg","type":"","width":"","height":""}],"twitter_card":"summary_large_image","twitter_misc":{"Temps estimat de lectura":"2 minuts"},"schema":{"@context":"https:\/\/schema.org","@graph":[{"@type":"WebPage","@id":"https:\/\/adrianabertran.com\/ver\/","url":"https:\/\/adrianabertran.com\/ver\/","name":"Ver &nbsp; Videos de poemas - Adriana Bertran An\u00eda","isPartOf":{"@id":"https:\/\/www.adrianabertran.com443\/#website"},"primaryImageOfPage":{"@id":"https:\/\/adrianabertran.com\/ver\/#primaryimage"},"image":{"@id":"https:\/\/adrianabertran.com\/ver\/#primaryimage"},"thumbnailUrl":"https:\/\/adrianabertran.com\/wp-content\/uploads\/2023\/03\/Copia-de-Foto-Ramon-Raluy-e1678862175690.jpeg","datePublished":"2023-03-14T06:38:58+00:00","dateModified":"2023-05-22T20:44:36+00:00","breadcrumb":{"@id":"https:\/\/adrianabertran.com\/ver\/#breadcrumb"},"inLanguage":"ca","potentialAction":[{"@type":"ReadAction","target":["https:\/\/adrianabertran.com\/ver\/"]}]},{"@type":"ImageObject","inLanguage":"ca","@id":"https:\/\/adrianabertran.com\/ver\/#primaryimage","url":"https:\/\/adrianabertran.com\/wp-content\/uploads\/2023\/03\/Copia-de-Foto-Ramon-Raluy-e1678862175690.jpeg","contentUrl":"https:\/\/adrianabertran.com\/wp-content\/uploads\/2023\/03\/Copia-de-Foto-Ramon-Raluy-e1678862175690.jpeg"},{"@type":"BreadcrumbList","@id":"https:\/\/adrianabertran.com\/ver\/#breadcrumb","itemListElement":[{"@type":"ListItem","position":1,"name":"Portada","item":"https:\/\/adrianabertran.com\/"},{"@type":"ListItem","position":2,"name":"Ver &nbsp; Videos de poemas"}]},{"@type":"WebSite","@id":"https:\/\/www.adrianabertran.com443\/#website","url":"https:\/\/www.adrianabertran.com443\/","name":"Adriana Bertran An\u00eda","description":"Poesia esc\u00e8nica","potentialAction":[{"@type":"SearchAction","target":{"@type":"EntryPoint","urlTemplate":"https:\/\/www.adrianabertran.com443\/?s={search_term_string}"},"query-input":{"@type":"PropertyValueSpecification","valueRequired":true,"valueName":"search_term_string"}}],"inLanguage":"ca"}]}},"_links":{"self":[{"href":"https:\/\/adrianabertran.com\/ca\/wp-json\/wp\/v2\/pages\/206","targetHints":{"allow":["GET"]}}],"collection":[{"href":"https:\/\/adrianabertran.com\/ca\/wp-json\/wp\/v2\/pages"}],"about":[{"href":"https:\/\/adrianabertran.com\/ca\/wp-json\/wp\/v2\/types\/page"}],"author":[{"embeddable":true,"href":"https:\/\/adrianabertran.com\/ca\/wp-json\/wp\/v2\/users\/42"}],"replies":[{"embeddable":true,"href":"https:\/\/adrianabertran.com\/ca\/wp-json\/wp\/v2\/comments?post=206"}],"version-history":[{"count":0,"href":"https:\/\/adrianabertran.com\/ca\/wp-json\/wp\/v2\/pages\/206\/revisions"}],"wp:attachment":[{"href":"https:\/\/adrianabertran.com\/ca\/wp-json\/wp\/v2\/media?parent=206"}],"curies":[{"name":"wp","href":"https:\/\/api.w.org\/{rel}","templated":true}]}}